{"id":848,"date":"2023-06-19T11:01:37","date_gmt":"2023-06-19T09:01:37","guid":{"rendered":"https:\/\/eovo.fr\/?page_id=848"},"modified":"2023-07-10T21:49:45","modified_gmt":"2023-07-10T19:49:45","slug":"profesionnel-liberal","status":"publish","type":"page","link":"https:\/\/eovo.fr\/index.php\/profesionnel-liberal\/","title":{"rendered":"Vous \u00eates un professionnel lib\u00e9ral ?"},"content":{"rendered":"\n<div class=\"wp-block-columns is-layout-flex wp-container-core-columns-is-layout-9d6595d7 wp-block-columns-is-layout-flex\">\n<div class=\"wp-block-column is-layout-flow wp-block-column-is-layout-flow\" style=\"flex-basis:66.66%\">\n<h2 class=\"wp-block-heading\">Vos besoins :<\/h2>\n\n\n\n<ul class=\"wp-block-list\">\n<li>Anticiper les contraintes fiscales et sociales <\/li>\n<\/ul>\n\n\n\n<p><\/p>\n\n\n\n<ul class=\"wp-block-list\">\n<li>Avoir une tranquillit\u00e9 d&#8217;esprit sur la mise en conformit\u00e9 de votre entreprise <\/li>\n<\/ul>\n\n\n\n<p><\/p>\n\n\n\n<ul class=\"wp-block-list\">\n<li>Faciliter la centralisation et la transmission des documents administratifs <\/li>\n<\/ul>\n\n\n\n<p><\/p>\n\n\n\n<ul class=\"wp-block-list\">\n<li>Analyser votre situation patrimoniale par rapport \u00e0 vos objectifs <\/li>\n<\/ul>\n\n\n\n<p><\/p>\n\n\n\n<ul class=\"wp-block-list\">\n<li>Etudier votre protection sociale par rapport \u00e0 votre situation<\/li>\n<\/ul>\n<\/div>\n\n\n\n<div class=\"wp-block-column is-layout-flow wp-block-column-is-layout-flow\" style=\"flex-basis:45.5%\">\n<figure class=\"wp-block-image size-large border-radius-style\"><img loading=\"lazy\" decoding=\"async\" width=\"1024\" height=\"843\" src=\"http:\/\/eovo.fr\/wp-content\/uploads\/2023\/07\/Profession-liberale-2-e1688375093756-1024x843.jpg\" alt=\"\" class=\"wp-image-1051\" srcset=\"https:\/\/eovo.fr\/wp-content\/uploads\/2023\/07\/Profession-liberale-2-e1688375093756-1024x843.jpg 1024w, https:\/\/eovo.fr\/wp-content\/uploads\/2023\/07\/Profession-liberale-2-e1688375093756-300x247.jpg 300w, https:\/\/eovo.fr\/wp-content\/uploads\/2023\/07\/Profession-liberale-2-e1688375093756-768x632.jpg 768w, https:\/\/eovo.fr\/wp-content\/uploads\/2023\/07\/Profession-liberale-2-e1688375093756-1536x1264.jpg 1536w, https:\/\/eovo.fr\/wp-content\/uploads\/2023\/07\/Profession-liberale-2-e1688375093756-1000x823.jpg 1000w, https:\/\/eovo.fr\/wp-content\/uploads\/2023\/07\/Profession-liberale-2-e1688375093756-230x189.jpg 230w, https:\/\/eovo.fr\/wp-content\/uploads\/2023\/07\/Profession-liberale-2-e1688375093756-350x288.jpg 350w, https:\/\/eovo.fr\/wp-content\/uploads\/2023\/07\/Profession-liberale-2-e1688375093756-480x395.jpg 480w, https:\/\/eovo.fr\/wp-content\/uploads\/2023\/07\/Profession-liberale-2-e1688375093756.jpg 1555w\" sizes=\"auto, (max-width: 1024px) 100vw, 1024px\" \/><\/figure>\n<\/div>\n<\/div>\n\n\n\n<div style=\"height:60px\" aria-hidden=\"true\" class=\"wp-block-spacer\"><\/div>\n\n\n\n<div class=\"wp-block-columns is-layout-flex wp-container-core-columns-is-layout-9d6595d7 wp-block-columns-is-layout-flex\">\n<div class=\"wp-block-column is-layout-flow wp-block-column-is-layout-flow\" style=\"flex-basis:45%\">\n<figure class=\"wp-block-image size-large border-radius-style\"><img loading=\"lazy\" decoding=\"async\" width=\"1024\" height=\"1024\" src=\"http:\/\/eovo.fr\/wp-content\/uploads\/2023\/10\/ManonRobin-15-1-1024x1024.jpg\" alt=\"\" class=\"wp-image-1285\" srcset=\"https:\/\/eovo.fr\/wp-content\/uploads\/2023\/10\/ManonRobin-15-1-1024x1024.jpg 1024w, https:\/\/eovo.fr\/wp-content\/uploads\/2023\/10\/ManonRobin-15-1-300x300.jpg 300w, https:\/\/eovo.fr\/wp-content\/uploads\/2023\/10\/ManonRobin-15-1-150x150.jpg 150w, https:\/\/eovo.fr\/wp-content\/uploads\/2023\/10\/ManonRobin-15-1-768x768.jpg 768w, https:\/\/eovo.fr\/wp-content\/uploads\/2023\/10\/ManonRobin-15-1-1536x1536.jpg 1536w, https:\/\/eovo.fr\/wp-content\/uploads\/2023\/10\/ManonRobin-15-1-2048x2048.jpg 2048w, https:\/\/eovo.fr\/wp-content\/uploads\/2023\/10\/ManonRobin-15-1-1000x1000.jpg 1000w, https:\/\/eovo.fr\/wp-content\/uploads\/2023\/10\/ManonRobin-15-1-230x230.jpg 230w, https:\/\/eovo.fr\/wp-content\/uploads\/2023\/10\/ManonRobin-15-1-350x350.jpg 350w, https:\/\/eovo.fr\/wp-content\/uploads\/2023\/10\/ManonRobin-15-1-480x480.jpg 480w\" sizes=\"auto, (max-width: 1024px) 100vw, 1024px\" \/><\/figure>\n<\/div>\n\n\n\n<div class=\"wp-block-column is-layout-flow wp-block-column-is-layout-flow\" style=\"flex-basis:66.66%\">\n<h3 class=\"wp-block-heading\">Des outils digitaux et des offres adaptables pour une collaboration efficiente :<\/h3>\n\n\n\n<p><strong>Comptabilit\u00e9 \/ gestion\u202f:<\/strong> Tenue de la comptabilit\u00e9 jusqu&#8217;\u00e0 l&#8217;\u00e9tablissement du bilan annuel <\/p>\n\n\n\n<p><strong>Fiscalit\u00e9\u202f: <\/strong>Envoi des d\u00e9clarations fiscales p\u00e9riodiques jusqu&#8217;\u00e0 l&#8217;accompagnement en cas de contr\u00f4le fiscal <\/p>\n\n\n\n<p><strong>Suivi et conseil\u202f:<\/strong> Diagnostic de votre situation patrimoniale et sociale<\/p>\n<\/div>\n<\/div>\n","protected":false},"excerpt":{"rendered":"","protected":false},"author":1,"featured_media":885,"parent":0,"menu_order":0,"comment_status":"closed","ping_status":"closed","template":"","meta":{"_seopress_robots_primary_cat":"","footnotes":""},"class_list":["post-848","page","type-page","status-publish","has-post-thumbnail","hentry"],"_links":{"self":[{"href":"https:\/\/eovo.fr\/index.php\/wp-json\/wp\/v2\/pages\/848","targetHints":{"allow":["GET"]}}],"collection":[{"href":"https:\/\/eovo.fr\/index.php\/wp-json\/wp\/v2\/pages"}],"about":[{"href":"https:\/\/eovo.fr\/index.php\/wp-json\/wp\/v2\/types\/page"}],"author":[{"embeddable":true,"href":"https:\/\/eovo.fr\/index.php\/wp-json\/wp\/v2\/users\/1"}],"replies":[{"embeddable":true,"href":"https:\/\/eovo.fr\/index.php\/wp-json\/wp\/v2\/comments?post=848"}],"version-history":[{"count":5,"href":"https:\/\/eovo.fr\/index.php\/wp-json\/wp\/v2\/pages\/848\/revisions"}],"predecessor-version":[{"id":1056,"href":"https:\/\/eovo.fr\/index.php\/wp-json\/wp\/v2\/pages\/848\/revisions\/1056"}],"wp:featuredmedia":[{"embeddable":true,"href":"https:\/\/eovo.fr\/index.php\/wp-json\/wp\/v2\/media\/885"}],"wp:attachment":[{"href":"https:\/\/eovo.fr\/index.php\/wp-json\/wp\/v2\/media?parent=848"}],"curies":[{"name":"wp","href":"https:\/\/api.w.org\/{rel}","templated":true}]}}