{"id":835,"date":"2023-06-19T10:43:25","date_gmt":"2023-06-19T08:43:25","guid":{"rendered":"https:\/\/eovo.fr\/?page_id=835"},"modified":"2023-10-02T13:53:38","modified_gmt":"2023-10-02T11:53:38","slug":"createur","status":"publish","type":"page","link":"https:\/\/eovo.fr\/index.php\/createur\/","title":{"rendered":"Vous avez un projet de cr\u00e9ation d&#8217;entreprise ?"},"content":{"rendered":"\n<div class=\"wp-block-columns is-layout-flex wp-container-core-columns-is-layout-9d6595d7 wp-block-columns-is-layout-flex\">\n<div class=\"wp-block-column is-layout-flow wp-block-column-is-layout-flow\" style=\"flex-basis:60%\">\n<h2 class=\"wp-block-heading has-text-align-left\">Vos Besoins :<\/h2>\n\n\n\n<ul class=\"wp-block-list\">\n<li>Avoir un statut et une organisation adapt\u00e9e \u00e0 votre activit\u00e9<\/li>\n<\/ul>\n\n\n\n<ul class=\"wp-block-list\">\n<li>Anticiper les contraintes fiscales et sociales<\/li>\n<\/ul>\n\n\n\n<ul class=\"wp-block-list\">\n<li>Avoir une tranquillit\u00e9 d&#8217;esprit sur la mise en conformit\u00e9 de votre entreprise<\/li>\n<\/ul>\n\n\n\n<ul class=\"wp-block-list\">\n<li>Assurer la r\u00e9ussite de votre projet<\/li>\n<\/ul>\n<\/div>\n\n\n\n<div class=\"wp-block-column is-layout-flow wp-block-column-is-layout-flow\" style=\"flex-basis:66.66%\">\n<figure class=\"wp-block-image size-full border-radius-style\"><img loading=\"lazy\" decoding=\"async\" width=\"414\" height=\"276\" src=\"http:\/\/eovo.fr\/wp-content\/uploads\/2023\/10\/Createurs-1-1-1.jpg\" alt=\"\" class=\"wp-image-1273\" style=\"object-fit:cover\" srcset=\"https:\/\/eovo.fr\/wp-content\/uploads\/2023\/10\/Createurs-1-1-1.jpg 414w, https:\/\/eovo.fr\/wp-content\/uploads\/2023\/10\/Createurs-1-1-1-300x200.jpg 300w, https:\/\/eovo.fr\/wp-content\/uploads\/2023\/10\/Createurs-1-1-1-230x153.jpg 230w, https:\/\/eovo.fr\/wp-content\/uploads\/2023\/10\/Createurs-1-1-1-350x233.jpg 350w\" sizes=\"auto, (max-width: 414px) 100vw, 414px\" \/><\/figure>\n<\/div>\n<\/div>\n\n\n\n<div class=\"wp-block-columns is-layout-flex wp-container-core-columns-is-layout-9d6595d7 wp-block-columns-is-layout-flex\">\n<div class=\"wp-block-column is-layout-flow wp-block-column-is-layout-flow\" style=\"flex-basis:33.33%\"><div class=\"wp-block-image border-radius-style\">\n<figure class=\"aligncenter size-large\"><img loading=\"lazy\" decoding=\"async\" width=\"1117\" height=\"1489\" src=\"http:\/\/eovo.fr\/wp-content\/uploads\/2023\/10\/ManonRobin-22-2-1-edited-2.jpg\" alt=\"\" class=\"wp-image-1350\" srcset=\"https:\/\/eovo.fr\/wp-content\/uploads\/2023\/10\/ManonRobin-22-2-1-edited-2.jpg 1117w, https:\/\/eovo.fr\/wp-content\/uploads\/2023\/10\/ManonRobin-22-2-1-edited-2-225x300.jpg 225w, https:\/\/eovo.fr\/wp-content\/uploads\/2023\/10\/ManonRobin-22-2-1-edited-2-768x1024.jpg 768w, https:\/\/eovo.fr\/wp-content\/uploads\/2023\/10\/ManonRobin-22-2-1-edited-2-1000x1333.jpg 1000w, https:\/\/eovo.fr\/wp-content\/uploads\/2023\/10\/ManonRobin-22-2-1-edited-2-230x307.jpg 230w, https:\/\/eovo.fr\/wp-content\/uploads\/2023\/10\/ManonRobin-22-2-1-edited-2-350x467.jpg 350w, https:\/\/eovo.fr\/wp-content\/uploads\/2023\/10\/ManonRobin-22-2-1-edited-2-480x640.jpg 480w\" sizes=\"auto, (max-width: 1117px) 100vw, 1117px\" \/><\/figure>\n<\/div><\/div>\n\n\n\n<div class=\"wp-block-column is-layout-flow wp-block-column-is-layout-flow\" style=\"flex-basis:66.66%\">\n<h2 class=\"wp-block-heading has-text-align-left\">Une offre adapt\u00e9e pour chaque \u00e9tape de la cr\u00e9ation :<\/h2>\n\n\n\n<ul class=\"liste-arrow wp-block-list\">\n<li>Analyse du march\u00e9 et \u00e9laboration du business plan <\/li>\n<\/ul>\n\n\n\n<p><\/p>\n\n\n\n<ul class=\"liste-arrow wp-block-list\">\n<li>Choix du statut\u00a0 <\/li>\n<\/ul>\n\n\n\n<p><\/p>\n\n\n\n<ul class=\"liste-arrow wp-block-list\">\n<li>Recherche de financement et de partenaires\u00a0 <\/li>\n<\/ul>\n\n\n\n<p><\/p>\n\n\n\n<ul class=\"liste-arrow wp-block-list\">\n<li>R\u00e9alisation des d\u00e9marches juridiques et fiscales\u00a0 <\/li>\n<\/ul>\n\n\n\n<p><\/p>\n\n\n\n<ul class=\"liste-arrow wp-block-list\">\n<li>Mise en place d&#8217;outils de gestion digitalis\u00e9s<br>pour faciliter la gestion et le pilotage de votre activit\u00e9\u00a0 <\/li>\n<\/ul>\n\n\n\n<p><\/p>\n\n\n\n<ul class=\"liste-arrow wp-block-list\">\n<li>Mise \u00e0 jour de la comptabilit\u00e9 et \u00e9tablissement des d\u00e9clarations fiscales\u00a0 <\/li>\n<\/ul>\n\n\n\n<p><\/p>\n\n\n\n<ul class=\"liste-arrow wp-block-list\">\n<li>Suivi des principaux indicateurs de performances par rapport au business plan<\/li>\n<\/ul>\n\n\n\n<p><\/p>\n<\/div>\n<\/div>\n","protected":false},"excerpt":{"rendered":"<p>Vos Besoins : Une offre adapt\u00e9e pour chaque \u00e9tape de la cr\u00e9ation :<\/p>\n","protected":false},"author":1,"featured_media":885,"parent":0,"menu_order":0,"comment_status":"closed","ping_status":"closed","template":"","meta":{"_seopress_robots_primary_cat":"","footnotes":""},"class_list":["post-835","page","type-page","status-publish","has-post-thumbnail","hentry"],"_links":{"self":[{"href":"https:\/\/eovo.fr\/index.php\/wp-json\/wp\/v2\/pages\/835","targetHints":{"allow":["GET"]}}],"collection":[{"href":"https:\/\/eovo.fr\/index.php\/wp-json\/wp\/v2\/pages"}],"about":[{"href":"https:\/\/eovo.fr\/index.php\/wp-json\/wp\/v2\/types\/page"}],"author":[{"embeddable":true,"href":"https:\/\/eovo.fr\/index.php\/wp-json\/wp\/v2\/users\/1"}],"replies":[{"embeddable":true,"href":"https:\/\/eovo.fr\/index.php\/wp-json\/wp\/v2\/comments?post=835"}],"version-history":[{"count":91,"href":"https:\/\/eovo.fr\/index.php\/wp-json\/wp\/v2\/pages\/835\/revisions"}],"predecessor-version":[{"id":1351,"href":"https:\/\/eovo.fr\/index.php\/wp-json\/wp\/v2\/pages\/835\/revisions\/1351"}],"wp:featuredmedia":[{"embeddable":true,"href":"https:\/\/eovo.fr\/index.php\/wp-json\/wp\/v2\/media\/885"}],"wp:attachment":[{"href":"https:\/\/eovo.fr\/index.php\/wp-json\/wp\/v2\/media?parent=835"}],"curies":[{"name":"wp","href":"https:\/\/api.w.org\/{rel}","templated":true}]}}