{"id":3,"date":"2023-03-29T15:32:36","date_gmt":"2023-03-29T13:32:36","guid":{"rendered":"http:\/\/eovo.fr\/?page_id=3"},"modified":"2023-07-10T22:23:43","modified_gmt":"2023-07-10T20:23:43","slug":"politique-de-confidentialite","status":"publish","type":"page","link":"https:\/\/eovo.fr\/index.php\/politique-de-confidentialite\/","title":{"rendered":"Politique de confidentialit\u00e9"},"content":{"rendered":"\n<h2 class=\"wp-block-heading\">Utilisation des donn\u00e9es personnelles<\/h2>\n\n\n\n<p><strong class=\"privacy-policy-tutorial\">Lors de vos prises de rendez-vous ou de vos envois via les formulaires sur le site, des donn\u00e9es \u00e0 caract\u00e8re personnel sont collect\u00e9es (nom, pr\u00e9nom, adresse mail, etc.).<\/strong><br>Le cabinet EOVO met en \u0153uvre un traitement pour r\u00e9pondre \u00e0 la demande du visiteur, dont la base l\u00e9gale est le consentement. Les donn\u00e9es collect\u00e9es sont transmises \u00e0 l\u2019entit\u00e9 du r\u00e9seau en charge de la r\u00e9ponse.<\/p>\n\n\n\n<h2 class=\"wp-block-heading\">S\u00e9curit\u00e9<\/h2>\n\n\n\n<p><strong class=\"privacy-policy-tutorial\">Toutes les donn\u00e9es personnelles recueillies dans nos formulaires sont transmises \u00e0 l\u2019aide d\u2019un protocole chiffr\u00e9 (SSL\/TLS) et stock\u00e9es dans l\u2019Union europ\u00e9enne dans des bases de donn\u00e9es s\u00e9curis\u00e9es, conform\u00e9ment aux dispositions de l\u2019article 5, paragraphe 1, point f) du r\u00e8glement europ\u00e9en n\u00b0 2016\/679 (RGPD).\u00a0<\/strong><\/p>\n\n\n\n<h2 class=\"wp-block-heading\">Droit de s\u2019opposer au traitement de vos donn\u00e9es personnelles\u00a0<\/h2>\n\n\n\n<p><strong class=\"privacy-policy-tutorial\">Droit de s\u2019opposer au traitement de vos donn\u00e9es personnelles\u00a0<\/strong><\/p>\n\n\n\n<p>Pour ce faire, vous pouvez en faire la demande aupr\u00e8s du Responsable de traitement qui, une fois la demande re\u00e7ue, mettra un terme au traitement de vos donn\u00e9es personnelles.<\/p>\n\n\n\n<p>Celui-ci peut toutefois poursuivre le traitement d\u00e8s lors qu\u2019un motif l\u00e9gitime et imp\u00e9rieux le justifie. Il se chargera alors de vous en informer.<\/p>\n\n\n\n<p>Identit\u00e9 du Responsable de traitement<\/p>\n\n\n\n<p>Manon DUCHESNE<br><a href=\"mailto:mduchesne@eovo.fr\">mduchesne@eovo.fr<\/a><\/p>\n","protected":false},"excerpt":{"rendered":"<p>Utilisation des donn\u00e9es personnelles Lors de vos prises de rendez-vous ou de vos envois via les formulaires sur le site, des donn\u00e9es [&hellip;]<\/p>\n","protected":false},"author":1,"featured_media":0,"parent":0,"menu_order":0,"comment_status":"closed","ping_status":"open","template":"","meta":{"_seopress_robots_primary_cat":"","footnotes":""},"class_list":["post-3","page","type-page","status-publish","hentry"],"_links":{"self":[{"href":"https:\/\/eovo.fr\/index.php\/wp-json\/wp\/v2\/pages\/3","targetHints":{"allow":["GET"]}}],"collection":[{"href":"https:\/\/eovo.fr\/index.php\/wp-json\/wp\/v2\/pages"}],"about":[{"href":"https:\/\/eovo.fr\/index.php\/wp-json\/wp\/v2\/types\/page"}],"author":[{"embeddable":true,"href":"https:\/\/eovo.fr\/index.php\/wp-json\/wp\/v2\/users\/1"}],"replies":[{"embeddable":true,"href":"https:\/\/eovo.fr\/index.php\/wp-json\/wp\/v2\/comments?post=3"}],"version-history":[{"count":1,"href":"https:\/\/eovo.fr\/index.php\/wp-json\/wp\/v2\/pages\/3\/revisions"}],"predecessor-version":[{"id":1184,"href":"https:\/\/eovo.fr\/index.php\/wp-json\/wp\/v2\/pages\/3\/revisions\/1184"}],"wp:attachment":[{"href":"https:\/\/eovo.fr\/index.php\/wp-json\/wp\/v2\/media?parent=3"}],"curies":[{"name":"wp","href":"https:\/\/api.w.org\/{rel}","templated":true}]}}